{"id":1334,"date":"2026-03-24T11:02:23","date_gmt":"2026-03-24T17:02:23","guid":{"rendered":"https:\/\/thecleanerymx.com\/?page_id=1334"},"modified":"2026-04-14T08:51:20","modified_gmt":"2026-04-14T14:51:20","slug":"servicios","status":"publish","type":"page","link":"https:\/\/thecleanerymx.com\/index.php\/servicios\/","title":{"rendered":"Servicios"},"content":{"rendered":"\t\t<div data-elementor-type=\"wp-page\" data-elementor-id=\"1334\" class=\"elementor elementor-1334\" data-elementor-post-type=\"page\">\n\t\t\t\t<div class=\"elementor-element elementor-element-cd00d3e e-flex e-con-boxed e-con e-parent\" data-id=\"cd00d3e\" data-element_type=\"container\" data-e-type=\"container\">\n\t\t\t\t\t<div class=\"e-con-inner\">\n\t\t\t\t<div class=\"elementor-element elementor-element-cd093e3 elementor-widget elementor-widget-spacer\" data-id=\"cd093e3\" data-element_type=\"widget\" data-e-type=\"widget\" data-widget_type=\"spacer.default\">\n\t\t\t\t\t\t\t<div class=\"elementor-spacer\">\n\t\t\t<div class=\"elementor-spacer-inner\"><\/div>\n\t\t<\/div>\n\t\t\t\t\t\t<\/div>\n\t\t\t\t\t<\/div>\n\t\t\t\t<\/div>\n\t\t<div class=\"elementor-element elementor-element-b3a179d e-flex e-con-boxed e-con e-parent\" data-id=\"b3a179d\" data-element_type=\"container\" data-e-type=\"container\">\n\t\t\t\t\t<div class=\"e-con-inner\">\n\t\t\t\t<div class=\"elementor-element elementor-element-ca46681 elementor-arrows-position-outside elementor-pagination-type-bullets elementor-pagination-position-outside elementor-widget elementor-widget-n-carousel\" data-id=\"ca46681\" data-element_type=\"widget\" data-e-type=\"widget\" data-settings=\"{&quot;carousel_items&quot;:[{&quot;slide_title&quot;:&quot;Slide #1&quot;,&quot;_id&quot;:&quot;9206305&quot;,&quot;__dynamic__&quot;:[]},{&quot;slide_title&quot;:&quot;Slide #2&quot;,&quot;_id&quot;:&quot;5b0c04b&quot;},{&quot;slide_title&quot;:&quot;Slide #3&quot;,&quot;_id&quot;:&quot;591b0b6&quot;},{&quot;_id&quot;:&quot;f9847eb&quot;,&quot;slide_title&quot;:&quot;Slide #4&quot;}],&quot;slides_to_show&quot;:&quot;1&quot;,&quot;slides_to_show_tablet&quot;:&quot;1&quot;,&quot;slides_to_show_mobile&quot;:&quot;1&quot;,&quot;autoplay&quot;:&quot;yes&quot;,&quot;autoplay_speed&quot;:5000,&quot;pause_on_hover&quot;:&quot;yes&quot;,&quot;pause_on_interaction&quot;:&quot;yes&quot;,&quot;infinite&quot;:&quot;yes&quot;,&quot;speed&quot;:500,&quot;offset_sides&quot;:&quot;none&quot;,&quot;arrows&quot;:&quot;yes&quot;,&quot;pagination&quot;:&quot;bullets&quot;,&quot;image_spacing_custom&quot;:{&quot;unit&quot;:&quot;px&quot;,&quot;size&quot;:10,&quot;sizes&quot;:[]},&quot;image_spacing_custom_tablet&quot;:{&quot;unit&quot;:&quot;px&quot;,&quot;size&quot;:&quot;&quot;,&quot;sizes&quot;:[]},&quot;image_spacing_custom_mobile&quot;:{&quot;unit&quot;:&quot;px&quot;,&quot;size&quot;:&quot;&quot;,&quot;sizes&quot;:[]}}\" data-widget_type=\"nested-carousel.default\">\n\t\t\t\t\t\t\t<div class=\"e-n-carousel swiper\" role=\"region\" aria-roledescription=\"carousel\" aria-label=\"Carousel\" dir=\"ltr\">\n\t\t\t<div class=\"swiper-wrapper\" aria-live=\"off\">\n\t\t\t\t\t\t\t\t\t\t<div class=\"swiper-slide\" data-slide=\"1\" role=\"group\" aria-roledescription=\"slide\" aria-label=\"1 of 4\">\n\t\t\t\t\t\t\t<div class=\"elementor-element elementor-element-a45ad72 e-flex e-con-boxed e-con e-child\" data-id=\"a45ad72\" data-element_type=\"container\" data-e-type=\"container\">\n\t\t\t\t\t<div class=\"e-con-inner\">\n\t\t<div class=\"elementor-element elementor-element-e0f524e e-con-full e-flex e-con e-child\" data-id=\"e0f524e\" data-element_type=\"container\" data-e-type=\"container\">\n\t\t\t\t<div class=\"elementor-element elementor-element-1e2f13c elementor-widget elementor-widget-image\" data-id=\"1e2f13c\" data-element_type=\"widget\" data-e-type=\"widget\" data-widget_type=\"image.default\">\n\t\t\t\t\t\t\t\t\t\t\t\t\t\t\t<img fetchpriority=\"high\" decoding=\"async\" width=\"600\" height=\"600\" src=\"https:\/\/thecleanerymx.com\/wp-content\/uploads\/2026\/03\/1-Entregas.png\" class=\"attachment-large size-large wp-image-22\" alt=\"\" srcset=\"https:\/\/thecleanerymx.com\/wp-content\/uploads\/2026\/03\/1-Entregas.png 600w, https:\/\/thecleanerymx.com\/wp-content\/uploads\/2026\/03\/1-Entregas-300x300.png 300w, https:\/\/thecleanerymx.com\/wp-content\/uploads\/2026\/03\/1-Entregas-150x150.png 150w\" sizes=\"(max-width: 600px) 100vw, 600px\" \/>\t\t\t\t\t\t\t\t\t\t\t\t\t\t\t<\/div>\n\t\t<div class=\"elementor-element elementor-element-e9c93e1 e-con-full e-flex e-con e-child\" data-id=\"e9c93e1\" data-element_type=\"container\" data-e-type=\"container\">\n\t\t\t\t<div class=\"elementor-element elementor-element-9db7eba elementor-widget elementor-widget-heading\" data-id=\"9db7eba\" data-element_type=\"widget\" data-e-type=\"widget\" data-widget_type=\"heading.default\">\n\t\t\t\t\t<h2 class=\"elementor-heading-title elementor-size-default\">SABEMOS QUE TU TIEMPO ES ORO<\/h2>\t\t\t\t<\/div>\n\t\t\t\t<div class=\"elementor-element elementor-element-58322d0 elementor-widget elementor-widget-text-editor\" data-id=\"58322d0\" data-element_type=\"widget\" data-e-type=\"widget\" data-widget_type=\"text-editor.default\">\n\t\t\t\t\t\t\t\t\t<p>Por ello te ofrecemos servicios especiales de entrega que se ajusten a tus necesidades.<\/p>\t\t\t\t\t\t\t\t<\/div>\n\t\t<div class=\"elementor-element elementor-element-fdb6bc6 e-grid e-con-full e-con e-child\" data-id=\"fdb6bc6\" data-element_type=\"container\" data-e-type=\"container\">\n\t\t\t\t<div class=\"elementor-element elementor-element-9b16ed3 elementor-widget elementor-widget-text-editor\" data-id=\"9b16ed3\" data-element_type=\"widget\" data-e-type=\"widget\" data-widget_type=\"text-editor.default\">\n\t\t\t\t\t\t\t\t\t<strong style=\"font-size: 30px;\">Normal<\/strong>\n<\/br>\n4to d\u00eda\n<\/br>\n11:00 am\t\t\t\t\t\t\t\t<\/div>\n\t\t\t\t<div class=\"elementor-element elementor-element-dccee57 elementor-widget elementor-widget-text-editor\" data-id=\"dccee57\" data-element_type=\"widget\" data-e-type=\"widget\" data-widget_type=\"text-editor.default\">\n\t\t\t\t\t\t\t\t\t<strong style=\"font-size: 30px;\">Urgente<\/strong>\n<\/br>\n3er d\u00eda\n<\/br>\n11:00 am\n<\/br>\n<strong style=\"font-size: 30px;\">+$20<\/strong>\t\t\t\t\t\t\t\t<\/div>\n\t\t\t\t<div class=\"elementor-element elementor-element-e5aa294 elementor-widget elementor-widget-text-editor\" data-id=\"e5aa294\" data-element_type=\"widget\" data-e-type=\"widget\" data-widget_type=\"text-editor.default\">\n\t\t\t\t\t\t\t\t\t<strong style=\"font-size: 30px;\">EXTRA Urgente<\/strong>\n\nSiguiente d\u00eda\n<\/br>\n5:00 pm\n<\/br>\n\n<strong style=\"font-size: 30px;\">+$30<\/strong>\t\t\t\t\t\t\t\t<\/div>\n\t\t\t\t<\/div>\n\t\t\t\t<div class=\"elementor-element elementor-element-9177191 elementor-widget elementor-widget-text-editor\" data-id=\"9177191\" data-element_type=\"widget\" data-e-type=\"widget\" data-widget_type=\"text-editor.default\">\n\t\t\t\t\t\t\t\t\t<p>*Los tiempos de entrega pueden variar para &#8220;otros servicios&#8221;.\u00a0<\/p><p>*Los cargos por entregas urgente y extra urgente aplican por unidad de prenda en servicios de tintorer\u00eda y planchado, y por kilo en servicio de lavander\u00eda.\u00a0<\/p>\t\t\t\t\t\t\t\t<\/div>\n\t\t\t\t<\/div>\n\t\t\t\t<\/div>\n\t\t\t\t\t<\/div>\n\t\t\t\t<\/div>\n\t\t\t\t\t\t\t\t<\/div>\n\t\t\t\t\t\t\t\t\t\t\t<div class=\"swiper-slide\" data-slide=\"2\" role=\"group\" aria-roledescription=\"slide\" aria-label=\"2 of 4\">\n\t\t\t\t\t\t\t<div class=\"elementor-element elementor-element-371e2d2 e-flex e-con-boxed e-con e-child\" data-id=\"371e2d2\" data-element_type=\"container\" data-e-type=\"container\">\n\t\t\t\t\t<div class=\"e-con-inner\">\n\t\t<div class=\"elementor-element elementor-element-4f758dc e-con-full e-flex e-con e-child\" data-id=\"4f758dc\" data-element_type=\"container\" data-e-type=\"container\">\n\t\t\t\t<div class=\"elementor-element elementor-element-1168a6f elementor-widget elementor-widget-image\" data-id=\"1168a6f\" data-element_type=\"widget\" data-e-type=\"widget\" data-widget_type=\"image.default\">\n\t\t\t\t\t\t\t\t\t\t\t\t\t\t\t<img decoding=\"async\" width=\"600\" height=\"600\" src=\"https:\/\/thecleanerymx.com\/wp-content\/uploads\/2026\/03\/4-TerciaPrendas.png\" class=\"attachment-large size-large wp-image-19\" alt=\"\" srcset=\"https:\/\/thecleanerymx.com\/wp-content\/uploads\/2026\/03\/4-TerciaPrendas.png 600w, https:\/\/thecleanerymx.com\/wp-content\/uploads\/2026\/03\/4-TerciaPrendas-300x300.png 300w, https:\/\/thecleanerymx.com\/wp-content\/uploads\/2026\/03\/4-TerciaPrendas-150x150.png 150w\" sizes=\"(max-width: 600px) 100vw, 600px\" \/>\t\t\t\t\t\t\t\t\t\t\t\t\t\t\t<\/div>\n\t\t<div class=\"elementor-element elementor-element-5c379ac e-con-full e-flex e-con e-child\" data-id=\"5c379ac\" data-element_type=\"container\" data-e-type=\"container\">\n\t\t\t\t<div class=\"elementor-element elementor-element-c48d438 elementor-widget elementor-widget-heading\" data-id=\"c48d438\" data-element_type=\"widget\" data-e-type=\"widget\" data-widget_type=\"heading.default\">\n\t\t\t\t\t<h2 class=\"elementor-heading-title elementor-size-default\">LA TERCERA ES LA VENCIDA<\/h2>\t\t\t\t<\/div>\n\t\t\t\t<div class=\"elementor-element elementor-element-bd70a2f elementor-widget elementor-widget-text-editor\" data-id=\"bd70a2f\" data-element_type=\"widget\" data-e-type=\"widget\" data-widget_type=\"text-editor.default\">\n\t\t\t\t\t\t\t\t\tTrae a la tintorer\u00eda 3 prendas del mismo tipo\n<\/br>\n<strong style=\"font-size: 40px;\">POR SOLO $174<\/STRONG>\t\t\t\t\t\t\t\t<\/div>\n\t\t\t\t<div class=\"elementor-element elementor-element-568f945 elementor-widget elementor-widget-spacer\" data-id=\"568f945\" data-element_type=\"widget\" data-e-type=\"widget\" data-widget_type=\"spacer.default\">\n\t\t\t\t\t\t\t<div class=\"elementor-spacer\">\n\t\t\t<div class=\"elementor-spacer-inner\"><\/div>\n\t\t<\/div>\n\t\t\t\t\t\t<\/div>\n\t\t\t\t<div class=\"elementor-element elementor-element-8b58ab0 elementor-widget elementor-widget-text-editor\" data-id=\"8b58ab0\" data-element_type=\"widget\" data-e-type=\"widget\" data-widget_type=\"text-editor.default\">\n\t\t\t\t\t\t\t\t\t<strong style=\"font-size: 20px;\">\nPor ejemplo:\n\n3 Blusas | 3 Corbatas | 3 Pantalones | 3 Camisas | 3 Sacos <\/strong>\t\t\t\t\t\t\t\t<\/div>\n\t\t\t\t<div class=\"elementor-element elementor-element-1cc89c0 elementor-widget elementor-widget-spacer\" data-id=\"1cc89c0\" data-element_type=\"widget\" data-e-type=\"widget\" data-widget_type=\"spacer.default\">\n\t\t\t\t\t\t\t<div class=\"elementor-spacer\">\n\t\t\t<div class=\"elementor-spacer-inner\"><\/div>\n\t\t<\/div>\n\t\t\t\t\t\t<\/div>\n\t\t\t\t<div class=\"elementor-element elementor-element-9085597 elementor-widget elementor-widget-text-editor\" data-id=\"9085597\" data-element_type=\"widget\" data-e-type=\"widget\" data-widget_type=\"text-editor.default\">\n\t\t\t\t\t\t\t\t\t<p>*Aplica solo para tercias de prendas del mismo tipo.\u00a0<\/p><p>No aplica en prendas &#8220;especiales&#8221;, de cuero, o gamuza.<\/p>\t\t\t\t\t\t\t\t<\/div>\n\t\t\t\t<\/div>\n\t\t\t\t<\/div>\n\t\t\t\t\t<\/div>\n\t\t\t\t<\/div>\n\t\t\t\t\t\t\t\t<\/div>\n\t\t\t\t\t\t\t\t\t\t\t<div class=\"swiper-slide\" data-slide=\"3\" role=\"group\" aria-roledescription=\"slide\" aria-label=\"3 of 4\">\n\t\t\t\t\t\t\t<div class=\"elementor-element elementor-element-fe66450 e-flex e-con-boxed e-con e-child\" data-id=\"fe66450\" data-element_type=\"container\" data-e-type=\"container\">\n\t\t\t\t\t<div class=\"e-con-inner\">\n\t\t<div class=\"elementor-element elementor-element-a914f57 e-con-full e-flex e-con e-child\" data-id=\"a914f57\" data-element_type=\"container\" data-e-type=\"container\">\n\t\t\t\t<div class=\"elementor-element elementor-element-557ea1e elementor-widget elementor-widget-image\" data-id=\"557ea1e\" data-element_type=\"widget\" data-e-type=\"widget\" data-widget_type=\"image.default\">\n\t\t\t\t\t\t\t\t\t\t\t\t\t\t\t<img decoding=\"async\" width=\"600\" height=\"600\" src=\"https:\/\/thecleanerymx.com\/wp-content\/uploads\/2026\/03\/2-Vestidos.png\" class=\"attachment-1536x1536 size-1536x1536 wp-image-21\" alt=\"\" srcset=\"https:\/\/thecleanerymx.com\/wp-content\/uploads\/2026\/03\/2-Vestidos.png 600w, https:\/\/thecleanerymx.com\/wp-content\/uploads\/2026\/03\/2-Vestidos-300x300.png 300w, https:\/\/thecleanerymx.com\/wp-content\/uploads\/2026\/03\/2-Vestidos-150x150.png 150w\" sizes=\"(max-width: 600px) 100vw, 600px\" \/>\t\t\t\t\t\t\t\t\t\t\t\t\t\t\t<\/div>\n\t\t<div class=\"elementor-element elementor-element-d9da4b2 e-con-full e-flex e-con e-child\" data-id=\"d9da4b2\" data-element_type=\"container\" data-e-type=\"container\">\n\t\t\t\t<div class=\"elementor-element elementor-element-89a8b80 elementor-widget elementor-widget-text-editor\" data-id=\"89a8b80\" data-element_type=\"widget\" data-e-type=\"widget\" data-widget_type=\"text-editor.default\">\n\t\t\t\t\t\t\t\t\t<p>3X2<br \/>EN LAVADO DE<br \/>VESTIDOS<\/p>\t\t\t\t\t\t\t\t<\/div>\n\t\t\t\t<div class=\"elementor-element elementor-element-f9cb643 elementor-widget elementor-widget-text-editor\" data-id=\"f9cb643\" data-element_type=\"widget\" data-e-type=\"widget\" data-widget_type=\"text-editor.default\">\n\t\t\t\t\t\t\t\t\t<p>Aprovecha la oportunidad de tener listo tu outfit<\/p>\t\t\t\t\t\t\t\t<\/div>\n\t\t\t\t<div class=\"elementor-element elementor-element-5b7e713 elementor-widget elementor-widget-text-editor\" data-id=\"5b7e713\" data-element_type=\"widget\" data-e-type=\"widget\" data-widget_type=\"text-editor.default\">\n\t\t\t\t\t\t\t\t\t<p>*Aplica descontando el servicio de menor costo de entre los 3 vestidos. No aplica en vestidos de novia, XV a\u00f1os, primera comuni\u00f3n, de cuero o gamuza.<\/p>\t\t\t\t\t\t\t\t<\/div>\n\t\t\t\t<\/div>\n\t\t\t\t<\/div>\n\t\t\t\t\t<\/div>\n\t\t\t\t<\/div>\n\t\t\t\t\t\t\t\t<\/div>\n\t\t\t\t\t\t\t\t\t\t\t<div class=\"swiper-slide\" data-slide=\"4\" role=\"group\" aria-roledescription=\"slide\" aria-label=\"4 of 4\">\n\t\t\t\t\t\t\t<div class=\"elementor-element elementor-element-09bc0b2 e-flex e-con-boxed e-con e-child\" data-id=\"09bc0b2\" data-element_type=\"container\" data-e-type=\"container\">\n\t\t\t\t\t<div class=\"e-con-inner\">\n\t\t<div class=\"elementor-element elementor-element-8e65090 e-con-full e-flex e-con e-child\" data-id=\"8e65090\" data-element_type=\"container\" data-e-type=\"container\">\n\t\t\t\t<div class=\"elementor-element elementor-element-69290dc elementor-widget elementor-widget-image\" data-id=\"69290dc\" data-element_type=\"widget\" data-e-type=\"widget\" data-widget_type=\"image.default\">\n\t\t\t\t\t\t\t\t\t\t\t\t\t\t\t<img loading=\"lazy\" decoding=\"async\" width=\"600\" height=\"600\" src=\"https:\/\/thecleanerymx.com\/wp-content\/uploads\/2026\/03\/3-PelusasYBolitas.png\" class=\"attachment-large size-large wp-image-20\" alt=\"\" srcset=\"https:\/\/thecleanerymx.com\/wp-content\/uploads\/2026\/03\/3-PelusasYBolitas.png 600w, https:\/\/thecleanerymx.com\/wp-content\/uploads\/2026\/03\/3-PelusasYBolitas-300x300.png 300w, https:\/\/thecleanerymx.com\/wp-content\/uploads\/2026\/03\/3-PelusasYBolitas-150x150.png 150w\" sizes=\"(max-width: 600px) 100vw, 600px\" \/>\t\t\t\t\t\t\t\t\t\t\t\t\t\t\t<\/div>\n\t\t<div class=\"elementor-element elementor-element-fc78000 e-con-full e-flex e-con e-child\" data-id=\"fc78000\" data-element_type=\"container\" data-e-type=\"container\">\n\t\t\t\t<div class=\"elementor-element elementor-element-c49e858 elementor-widget elementor-widget-heading\" data-id=\"c49e858\" data-element_type=\"widget\" data-e-type=\"widget\" data-widget_type=\"heading.default\">\n\t\t\t\t\t<h3 class=\"elementor-heading-title elementor-size-default\">REMOVEMOS LAS PELUSAS Y BOLITAS DE TUS SU\u00c9TERES<\/h3>\t\t\t\t<\/div>\n\t\t\t\t<div class=\"elementor-element elementor-element-35f09e3 elementor-widget elementor-widget-text-editor\" data-id=\"35f09e3\" data-element_type=\"widget\" data-e-type=\"widget\" data-widget_type=\"text-editor.default\">\n\t\t\t\t\t\t\t\t\t<p>Olv\u00eddate de quitarlas una por una o que parezca que tu su\u00e9ter es viejo. Nosotros nos encargamos de dejarlos como nuevos.<\/p>\t\t\t\t\t\t\t\t<\/div>\n\t\t\t\t<div class=\"elementor-element elementor-element-bfaee8a elementor-widget elementor-widget-heading\" data-id=\"bfaee8a\" data-element_type=\"widget\" data-e-type=\"widget\" data-widget_type=\"heading.default\">\n\t\t\t\t\t<h3 class=\"elementor-heading-title elementor-size-default\">LAVAMOS COBERTORES Y EDREDONES<\/h3>\t\t\t\t<\/div>\n\t\t\t\t<div class=\"elementor-element elementor-element-707c853 elementor-widget elementor-widget-text-editor\" data-id=\"707c853\" data-element_type=\"widget\" data-e-type=\"widget\" data-widget_type=\"text-editor.default\">\n\t\t\t\t\t\t\t\t\t<p>Esta temporada de frio olv\u00eddate de los edredones con olor a guardado, polvo y pelusas.<\/p>\t\t\t\t\t\t\t\t<\/div>\n\t\t\t\t<\/div>\n\t\t\t\t<\/div>\n\t\t\t\t\t<\/div>\n\t\t\t\t<\/div>\n\t\t\t\t\t\t\t\t<\/div>\n\t\t\t\t\t\t\t\t<\/div>\n\t\t<\/div>\n\t\t\t\t\t<div class=\"elementor-swiper-button elementor-swiper-button-prev\" role=\"button\" tabindex=\"0\" aria-label=\"Previous\">\n\t\t\t\t<svg aria-hidden=\"true\" class=\"e-font-icon-svg e-eicon-chevron-left\" viewBox=\"0 0 1000 1000\" xmlns=\"http:\/\/www.w3.org\/2000\/svg\"><path d=\"M646 125C629 125 613 133 604 142L308 442C296 454 292 471 292 487 292 504 296 521 308 533L604 854C617 867 629 875 646 875 663 875 679 871 692 858 704 846 713 829 713 812 713 796 708 779 692 767L438 487 692 225C700 217 708 204 708 187 708 171 704 154 692 142 675 129 663 125 646 125Z\"><\/path><\/svg>\t\t\t<\/div>\n\t\t\t<div class=\"elementor-swiper-button elementor-swiper-button-next\" role=\"button\" tabindex=\"0\" aria-label=\"Next\">\n\t\t\t\t<svg aria-hidden=\"true\" class=\"e-font-icon-svg e-eicon-chevron-right\" viewBox=\"0 0 1000 1000\" xmlns=\"http:\/\/www.w3.org\/2000\/svg\"><path d=\"M696 533C708 521 713 504 713 487 713 471 708 454 696 446L400 146C388 133 375 125 354 125 338 125 325 129 313 142 300 154 292 171 292 187 292 204 296 221 308 233L563 492 304 771C292 783 288 800 288 817 288 833 296 850 308 863 321 871 338 875 354 875 371 875 388 867 400 854L696 533Z\"><\/path><\/svg>\t\t\t<\/div>\n\t\t\t\t\t<div class=\"swiper-pagination\"><\/div>\n\t\t\t\t\t\t<\/div>\n\t\t\t\t\t<\/div>\n\t\t\t\t<\/div>\n\t\t\t\t<\/div>\n\t\t","protected":false},"excerpt":{"rendered":"<p>SABEMOS QUE TU TIEMPO ES ORO Por ello te ofrecemos servicios especiales de entrega que se ajusten a tus necesidades. Normal 4to d\u00eda 11:00 am Urgente 3er d\u00eda 11:00 am +$20 EXTRA Urgente Siguiente d\u00eda 5:00 pm +$30 *Los tiempos de entrega pueden variar para &#8220;otros servicios&#8221;.\u00a0 *Los cargos por entregas urgente y extra urgente [&hellip;]<\/p>\n","protected":false},"author":1,"featured_media":0,"parent":0,"menu_order":0,"comment_status":"closed","ping_status":"closed","template":"essential-blocks-fullwidth-template.php","meta":{"_eb_attr":"","footnotes":""},"class_list":["post-1334","page","type-page","status-publish","hentry"],"blocksy_meta":[],"_links":{"self":[{"href":"https:\/\/thecleanerymx.com\/index.php\/wp-json\/wp\/v2\/pages\/1334","targetHints":{"allow":["GET"]}}],"collection":[{"href":"https:\/\/thecleanerymx.com\/index.php\/wp-json\/wp\/v2\/pages"}],"about":[{"href":"https:\/\/thecleanerymx.com\/index.php\/wp-json\/wp\/v2\/types\/page"}],"author":[{"embeddable":true,"href":"https:\/\/thecleanerymx.com\/index.php\/wp-json\/wp\/v2\/users\/1"}],"replies":[{"embeddable":true,"href":"https:\/\/thecleanerymx.com\/index.php\/wp-json\/wp\/v2\/comments?post=1334"}],"version-history":[{"count":52,"href":"https:\/\/thecleanerymx.com\/index.php\/wp-json\/wp\/v2\/pages\/1334\/revisions"}],"predecessor-version":[{"id":1544,"href":"https:\/\/thecleanerymx.com\/index.php\/wp-json\/wp\/v2\/pages\/1334\/revisions\/1544"}],"wp:attachment":[{"href":"https:\/\/thecleanerymx.com\/index.php\/wp-json\/wp\/v2\/media?parent=1334"}],"curies":[{"name":"wp","href":"https:\/\/api.w.org\/{rel}","templated":true}]}}